{"id":209,"date":"2023-03-23T14:50:31","date_gmt":"2023-03-23T14:50:31","guid":{"rendered":"http:\/\/test.kriesi.at\/minimal-portfolio\/?page_id=9"},"modified":"2023-03-24T08:54:25","modified_gmt":"2023-03-24T08:54:25","slug":"home","status":"publish","type":"page","link":"https:\/\/sifa-fortbildung.de\/","title":{"rendered":"Home"},"content":{"rendered":"<div id='full_slider_1'  class='avia-fullwidth-slider main_color avia-shadow   avia-builder-el-0  el_before_av_section  avia-builder-el-first   container_wrap fullsize' style=' '  ><div   data-size='featured_large'  data-lightbox_size='large'  data-animation='slide'  data-conditional_play=''  data-ids='227,216,226,224,229'  data-video_counter='0'  data-autoplay='true'  data-bg_slider='false'  data-slide_height=''  data-handle='av_slideshow_full'  data-interval='3'  data-class=' '  data-el_id=''  data-css_id=''  data-scroll_down=''  data-control_layout='av-control-minimal'  data-custom_markup=''  data-perma_caption=''  data-autoplay_stopper='1'  data-image_attachment=''  data-min_height='0px'  data-lazy_loading='disabled'  data-src=''  data-position='top left'  data-repeat='no-repeat'  data-attach='scroll'  data-stretch=''  data-default-height='42'  class='avia-slideshow avia-slideshow-1  av-control-minimal av-default-height-applied avia-slideshow-featured_large av_slideshow_full   avia-slide-slider '  itemprop=\"image\" itemscope=\"itemscope\" itemtype=\"https:\/\/schema.org\/ImageObject\" ><ul class='avia-slideshow-inner ' style='padding-bottom: 42%;' ><li  class=' slide-1 ' ><div data-rel='slideshow-1' class='avia-slide-wrap '   ><img decoding=\"async\" class=\"wp-image-227 avia-img-lazy-loading-not-227\"  src=\"https:\/\/sifa-fortbildung.de\/wp-content\/uploads\/2023\/03\/SyKo-28-1500x630.jpg\" width=\"1500\" height=\"630\" title='SyKo-28' alt=''  itemprop=\"thumbnailUrl\"   \/><\/div><\/li><li  class=' slide-2 ' ><div data-rel='slideshow-1' class='avia-slide-wrap '   ><img decoding=\"async\" class=\"wp-image-216 avia-img-lazy-loading-not-216\"  src=\"https:\/\/sifa-fortbildung.de\/wp-content\/uploads\/2023\/03\/SyKo-6-1500x630.jpg\" width=\"1500\" height=\"630\" title='SyKo-6' alt=''  itemprop=\"thumbnailUrl\"   \/><\/div><\/li><li  class=' slide-3 ' ><div data-rel='slideshow-1' class='avia-slide-wrap '   ><img decoding=\"async\" class=\"wp-image-226 avia-img-lazy-loading-not-226\"  src=\"https:\/\/sifa-fortbildung.de\/wp-content\/uploads\/2023\/03\/SyKo-19-1500x630.jpg\" width=\"1500\" height=\"630\" title='SyKo-19' alt=''  itemprop=\"thumbnailUrl\"   \/><\/div><\/li><li  class=' slide-4 ' ><div data-rel='slideshow-1' class='avia-slide-wrap '   ><img decoding=\"async\" class=\"wp-image-224 avia-img-lazy-loading-not-224\"  src=\"https:\/\/sifa-fortbildung.de\/wp-content\/uploads\/2023\/03\/SyKo-11-1500x630.jpg\" width=\"1500\" height=\"630\" title='SyKo-11' alt=''  itemprop=\"thumbnailUrl\"   \/><\/div><\/li><li  class=' slide-5 ' ><div data-rel='slideshow-1' class='avia-slide-wrap '   ><img decoding=\"async\" class=\"wp-image-229 avia-img-lazy-loading-not-229\"  src=\"https:\/\/sifa-fortbildung.de\/wp-content\/uploads\/2023\/03\/SyKo-39-1500x630.jpg\" width=\"1500\" height=\"630\" title='SyKo-39' alt=''  itemprop=\"thumbnailUrl\"   \/><\/div><\/li><\/ul><div class='avia-slideshow-arrows avia-slideshow-controls'><a href='#prev' class='prev-slide' aria-hidden='true' data-av_icon='\ue87c' data-av_iconfont='entypo-fontello'>Zur\u00fcck<\/a><a href='#next' class='next-slide' aria-hidden='true' data-av_icon='\ue87d' data-av_iconfont='entypo-fontello'>Weiter<\/a><\/div><div class='avia-slideshow-dots avia-slideshow-controls'><a href='#1' class='goto-slide active' >1<\/a><a href='#2' class='goto-slide ' >2<\/a><a href='#3' class='goto-slide ' >3<\/a><a href='#4' class='goto-slide ' >4<\/a><a href='#5' class='goto-slide ' >5<\/a><\/div><\/div><\/div>\n<div id='av_section_1'  class='avia-section main_color avia-section-large avia-no-border-styling  avia-bg-style-scroll  avia-builder-el-1  el_after_av_slideshow_full  avia-builder-el-last   container_wrap fullsize' style=' '  ><div class='container' ><div class='template-page content  av-content-full alpha units'><div class='post-entry post-entry-type-page post-entry-209'><div class='entry-content-wrapper clearfix'>\n<div class=\"flex_column av_one_full  av-animated-generic bottom-to-top  flex_column_div av-zero-column-padding first  avia-builder-el-2  el_before_av_one_half  avia-builder-el-first  \" style='border-radius:0px; '><div  style='padding-bottom:20px; color:#000000;font-size:40px;' class='av-special-heading av-special-heading-h1 custom-color-heading blockquote modern-quote  avia-builder-el-3  avia-builder-el-no-sibling  av-inherit-size '><h1 class='av-special-heading-tag '  itemprop=\"headline\"  >Aus- und Fortbildung f\u00fcr Fachkr\u00e4fte f\u00fcr Arbeitssicherheit<\/h1><div class='special-heading-border'><div class='special-heading-inner-border' style='border-color:#000000'><\/div><\/div><\/div><\/div><div class=\"flex_column av_one_half  av-animated-generic bottom-to-top  flex_column_div av-zero-column-padding first  avia-builder-el-4  el_after_av_one_full  el_before_av_one_half  column-top-margin\" style='border-radius:0px; '><section class=\"av_textblock_section \"  itemscope=\"itemscope\" itemtype=\"https:\/\/schema.org\/CreativeWork\" ><div class='avia_textblock  '   itemprop=\"text\" ><h3>Ausbildungslehrgang 3.0<\/h3>\n<p>Die Verantwortung im Arbeitsschutz tr\u00e4gt der Arbeitgeber. Als Fachkraft f\u00fcr Arbeitssicherheit (kurz Sifa genannt) unterst\u00fctzen und beraten Sie Arbeitgeber und F\u00fchrungskr\u00e4fte bei allen betrieblichen Erfordernissen zu Sicherheit und Gesundheit. In der DGUV Vorschrift 2 sind die konkreten Aufgaben beschrieben.<\/p>\n<p>Die notwendige sicherheitstechnische Fachkunde, Kompetenzen wie Selbstmangement, Beratungsf\u00e4higkeit oder Rollenbewusstsein erwerben Sie im Ausbildungslehrgang 3.0 zur Fachkraft f\u00fcr Arbeitssicherheit.<\/p>\n<p>systemkonzept bietet als freier Tr\u00e4ger den Ausbildungslehrgang 3.0 f\u00fcr die Stufen 1 und 2 an.<\/p>\n<\/div><\/section><\/div><div class=\"flex_column av_one_half  av-animated-generic bottom-to-top  flex_column_div av-zero-column-padding   avia-builder-el-6  el_after_av_one_half  el_before_av_hr  column-top-margin\" style='border-radius:0px; '><section class=\"av_textblock_section \"  itemscope=\"itemscope\" itemtype=\"https:\/\/schema.org\/CreativeWork\" ><div class='avia_textblock  '   itemprop=\"text\" ><h3>Fortbildungen f\u00fcr Fachkr\u00e4fte f\u00fcr Arbeitssicherheit<\/h3>\n<p>Ihre Kenntnisse und F\u00e4higkeiten im Arbeitsschutz zu erhalten, zu erweitern und aufgrund stetiger rechtlicher und technischer Entwicklungen anzupassen, ist f\u00fcr Sifas unerl\u00e4sslich. Der Arbeitgeber hat nach \u00a7 5 Abs. 3 ASiG\u00a0 die erforderliche Fortbildung zu erm\u00f6glichen. Als Fachkraft f\u00fcr Arbeitssicherheit m\u00fcssen Sie selbst entscheiden, welche Fortbildungsma\u00dfnahmen Sie f\u00fcr Ihre betriebliche Aufgabenerf\u00fcllung ben\u00f6tigen.<\/p>\n<p>systemkonzept bietet zu unterschiedlichen Themenfeldern wie Gef\u00e4hrdungsermittlung oder psychische Belastung Kurse an. Spannend ist auch der Erfahrungsaustausch mit anderen Sifas, um praxisnahe Ans\u00e4tze zum eigenen wirksamen Handeln zu entwickeln.<\/p>\n<\/div><\/section><\/div><div  style=' margin-top:50px; margin-bottom:80px;'  class='hr hr-custom hr-center hr-icon-no   avia-builder-el-8  el_after_av_one_half  el_before_av_heading '><span class='hr-inner  inner-border-av-border-fat' style=' width:50px; border-color:#f2f2f2;' ><span class='hr-inner-style'><\/span><\/span><\/div>\n<div  style='padding-bottom:10px; font-size:25px;' class='av-special-heading av-special-heading-h1  blockquote modern-quote modern-centered  avia-builder-el-9  el_after_av_hr  el_before_av_textblock  av-inherit-size '><h1 class='av-special-heading-tag '  itemprop=\"headline\"  >\u00dcbersicht<\/h1><div class='special-heading-border'><div class='special-heading-inner-border' ><\/div><\/div><\/div>\n<section class=\"av_textblock_section \"  itemscope=\"itemscope\" itemtype=\"https:\/\/schema.org\/CreativeWork\" ><div class='avia_textblock  '   itemprop=\"text\" ><p style=\"text-align: center;\">Mit Klick auf ein Angebot \u00f6ffnet sich in einem neuen Tab Ihres Browsers die entsprechende Seite.<\/p>\n<\/div><\/section>\n<div  style='height:50px' class='hr hr-invisible   avia-builder-el-11  el_after_av_textblock  el_before_av_masonry_gallery  avia-builder-el-last '><span class='hr-inner ' ><span class='hr-inner-style'><\/span><\/span><\/div>\n<div id='av-masonry-1' class='av-masonry  noHover av-fixed-size av-large-gap av-hover-overlay- av-masonry-animation-active av-masonry-col-3 av-caption-on-hover av-caption-style- av-masonry-gallery     '  ><div class='av-masonry-container isotope av-js-disabled ' ><div class='av-masonry-entry isotope-item av-masonry-item-no-image '><\/div><a href=\"https:\/\/www.systemkonzept.de\/fachkraft-fuer-arbeitssicherheit-ausbildungslehrgang\/\" aria-label=\"image Ausbildungslehrgang 3.0 zur Fachkraft f\u00fcr Arbeitssicherheit\" target=\"_blank\" rel=\"noopener noreferrer\" id='av-masonry-1-item-260' data-av-masonry-item='260' class='av-masonry-entry isotope-item post-260 attachment type-attachment status-inherit hentry  av-masonry-item-with-image' title=\"Ausbildungslehrgang 3.0 zur Fachkraft f\u00fcr Arbeitssicherheit\" alt=\"\" itemprop=\"thumbnailUrl\"><div class='av-inner-masonry-sizer'><\/div><figure class='av-inner-masonry main_color'><div class=\"av-masonry-outerimage-container\"><div class=\"av-masonry-image-container\" style=\"background-image: url(https:\/\/sifa-fortbildung.de\/wp-content\/uploads\/2023\/03\/Logo-kl-1.png);\" title=\"Ausbildungslehrgang 3.0 zur Fachkraft f\u00fcr Arbeitssicherheit\" ><\/div><\/div><figcaption class='av-inner-masonry-content site-background'><div class='av-inner-masonry-content-pos'><div class='av-inner-masonry-content-pos-content'><div class='avia-arrow'><\/div><h3 class='av-masonry-entry-title entry-title '  itemprop=\"headline\" >Ausbildungslehrgang 3.0 zur Fachkraft f\u00fcr Arbeitssicherheit<\/h3><\/div><\/div><\/figcaption><\/figure><\/a><!--end av-masonry entry--><div id='av-masonry-1-item-287' data-av-masonry-item='287' class='av-masonry-entry isotope-item post-287 attachment type-attachment status-inherit hentry  av-masonry-item-with-image'   itemprop=\"thumbnailUrl\" ><div class='av-inner-masonry-sizer'><\/div><figure class='av-inner-masonry main_color'><div class=\"av-masonry-outerimage-container\"><div class=\"av-masonry-image-container\" style=\"background-image: url(https:\/\/sifa-fortbildung.de\/wp-content\/uploads\/2023\/03\/Logo-Erfahrungsaustausch_kl.png);\" title=\"Gut beraten! Erfahrungsaustausch f\u00fcr Fachkr\u00e4fte f\u00fcr Arbeitssicherheit\" ><\/div><\/div><figcaption class='av-inner-masonry-content site-background'><div class='av-inner-masonry-content-pos'><div class='av-inner-masonry-content-pos-content'><div class='avia-arrow'><\/div><h3 class='av-masonry-entry-title entry-title '  itemprop=\"headline\" >Gut beraten! Erfahrungsaustausch f\u00fcr Fachkr\u00e4fte f\u00fcr Arbeitssicherheit<\/h3><\/div><\/div><\/figcaption><\/figure><\/div><!--end av-masonry entry--><a href=\"https:\/\/www.systemkonzept.de\/gewusst-wie\/\" aria-label=\"image Gewusst wie! Gef\u00e4hrdungsermittlung\" target=\"_blank\" rel=\"noopener noreferrer\" id='av-masonry-1-item-290' data-av-masonry-item='290' class='av-masonry-entry isotope-item post-290 attachment type-attachment status-inherit hentry  av-masonry-item-with-image' title=\"Gewusst wie! Gef\u00e4hrdungsermittlung\" alt=\"\" itemprop=\"thumbnailUrl\"><div class='av-inner-masonry-sizer'><\/div><figure class='av-inner-masonry main_color'><div class=\"av-masonry-outerimage-container\"><div class=\"av-masonry-image-container\" style=\"background-image: url(https:\/\/sifa-fortbildung.de\/wp-content\/uploads\/2023\/03\/Logo-Gewusstwie.png);\" title=\"Gewusst wie! Gef\u00e4hrdungsermittlung\" ><\/div><\/div><figcaption class='av-inner-masonry-content site-background'><div class='av-inner-masonry-content-pos'><div class='av-inner-masonry-content-pos-content'><div class='avia-arrow'><\/div><h3 class='av-masonry-entry-title entry-title '  itemprop=\"headline\" >Gewusst wie! Gef\u00e4hrdungsermittlung<\/h3><\/div><\/div><\/figcaption><\/figure><\/a><!--end av-masonry entry--><div id='av-masonry-1-item-308' data-av-masonry-item='308' class='av-masonry-entry isotope-item post-308 attachment type-attachment status-inherit hentry  av-masonry-item-with-image'   itemprop=\"thumbnailUrl\" ><div class='av-inner-masonry-sizer'><\/div><figure class='av-inner-masonry main_color'><div class=\"av-masonry-outerimage-container\"><div class=\"av-masonry-image-container\" style=\"background-image: url(https:\/\/sifa-fortbildung.de\/wp-content\/uploads\/2023\/03\/Logo-psyBel.png);\" title=\"IN K\u00dcRZE &#8211; Psychische Belastung im Griff\" ><\/div><\/div><figcaption class='av-inner-masonry-content site-background'><div class='av-inner-masonry-content-pos'><div class='av-inner-masonry-content-pos-content'><div class='avia-arrow'><\/div><h3 class='av-masonry-entry-title entry-title '  itemprop=\"headline\" >IN K\u00dcRZE &#8211; Psychische Belastung im Griff<\/h3><\/div><\/div><\/figcaption><\/figure><\/div><!--end av-masonry entry--><a href=\"https:\/\/syko-portal.de\" aria-label=\"image syko-portal &#8211; unsere Lernplattform\" target=\"_blank\" rel=\"noopener noreferrer\" id='av-masonry-1-item-293' data-av-masonry-item='293' class='av-masonry-entry isotope-item post-293 attachment type-attachment status-inherit hentry  av-masonry-item-with-image' title=\"syko-portal &#8211; unsere Lernplattform\" alt=\"\" itemprop=\"thumbnailUrl\"><div class='av-inner-masonry-sizer'><\/div><figure class='av-inner-masonry main_color'><div class=\"av-masonry-outerimage-container\"><div class=\"av-masonry-image-container\" style=\"background-image: url(https:\/\/sifa-fortbildung.de\/wp-content\/uploads\/2023\/03\/Logo_syko-portal.png);\" title=\"syko-portal &#8211; unsere Lernplattform\" ><\/div><\/div><figcaption class='av-inner-masonry-content site-background'><div class='av-inner-masonry-content-pos'><div class='av-inner-masonry-content-pos-content'><div class='avia-arrow'><\/div><h3 class='av-masonry-entry-title entry-title '  itemprop=\"headline\" >syko-portal &#8211; unsere Lernplattform<\/h3><\/div><\/div><\/figcaption><\/figure><\/a><!--end av-masonry entry--><a href=\"https:\/\/e-learning.dguv.de\/goto.php?target=crs_1565&client_id=iag\" aria-label=\"image Fernlehrgangsportal (nur mit Zugang)\" target=\"_blank\" rel=\"noopener noreferrer\" id='av-masonry-1-item-303' data-av-masonry-item='303' class='av-masonry-entry isotope-item post-303 attachment type-attachment status-inherit hentry  av-masonry-item-with-image' title=\"Fernlehrgangsportal (nur mit Zugang)\" alt=\"\" itemprop=\"thumbnailUrl\"><div class='av-inner-masonry-sizer'><\/div><figure class='av-inner-masonry main_color'><div class=\"av-masonry-outerimage-container\"><div class=\"av-masonry-image-container\" style=\"background-image: url(https:\/\/sifa-fortbildung.de\/wp-content\/uploads\/2023\/03\/Logo_FLGkl.png);\" title=\"Fernlehrgangsportal (nur mit Zugang)\" ><\/div><\/div><figcaption class='av-inner-masonry-content site-background'><div class='av-inner-masonry-content-pos'><div class='av-inner-masonry-content-pos-content'><div class='avia-arrow'><\/div><h3 class='av-masonry-entry-title entry-title '  itemprop=\"headline\" >Fernlehrgangsportal (nur mit Zugang)<\/h3><\/div><\/div><\/figcaption><\/figure><\/a><!--end av-masonry entry--><\/div><\/div>\n<div  style=' margin-top:50px; margin-bottom:80px;'  class='hr hr-custom hr-center hr-icon-no   avia-builder-el-13  el_after_av_masonry_gallery  avia-builder-el-no-sibling '><span class='hr-inner  inner-border-av-border-fat' style=' width:50px; border-color:#f2f2f2;' ><span class='hr-inner-style'><\/span><\/span><\/div>\n\n","protected":false},"excerpt":{"rendered":"","protected":false},"author":2,"featured_media":0,"parent":0,"menu_order":0,"comment_status":"closed","ping_status":"closed","template":"","meta":[],"_links":{"self":[{"href":"https:\/\/sifa-fortbildung.de\/index.php\/wp-json\/wp\/v2\/pages\/209"}],"collection":[{"href":"https:\/\/sifa-fortbildung.de\/index.php\/wp-json\/wp\/v2\/pages"}],"about":[{"href":"https:\/\/sifa-fortbildung.de\/index.php\/wp-json\/wp\/v2\/types\/page"}],"author":[{"embeddable":true,"href":"https:\/\/sifa-fortbildung.de\/index.php\/wp-json\/wp\/v2\/users\/2"}],"replies":[{"embeddable":true,"href":"https:\/\/sifa-fortbildung.de\/index.php\/wp-json\/wp\/v2\/comments?post=209"}],"version-history":[{"count":50,"href":"https:\/\/sifa-fortbildung.de\/index.php\/wp-json\/wp\/v2\/pages\/209\/revisions"}],"predecessor-version":[{"id":374,"href":"https:\/\/sifa-fortbildung.de\/index.php\/wp-json\/wp\/v2\/pages\/209\/revisions\/374"}],"wp:attachment":[{"href":"https:\/\/sifa-fortbildung.de\/index.php\/wp-json\/wp\/v2\/media?parent=209"}],"curies":[{"name":"wp","href":"https:\/\/api.w.org\/{rel}","templated":true}]}}